{"id":334,"date":"2016-05-24T22:37:50","date_gmt":"2016-05-25T03:37:50","guid":{"rendered":"https:\/\/cheerup.theme-sphere.com\/bold\/?page_id=334"},"modified":"2020-01-12T08:34:05","modified_gmt":"2020-01-12T13:34:05","slug":"somos","status":"publish","type":"page","link":"https:\/\/www.prisma.org.pe\/investigacion\/somos\/","title":{"rendered":"Somos"},"content":{"rendered":"<div class=\"wpb-content-wrapper\"><p>[vc_row el_id=\u00bbprimer-bloque-somos\u00bb css=\u00bb.vc_custom_1550508718542{margin-bottom: 0px !important;border-bottom-width: 0px !important;}\u00bb][vc_column width=\u00bb1\/2&#8243;][vc_single_image image=\u00bb1756&#8243; img_size=\u00bbfull\u00bb alignment=\u00bbcenter\u00bb css=\u00bb.vc_custom_1550508858816{margin-bottom: 0px !important;border-bottom-width: 0px !important;}\u00bb][\/vc_column][vc_column width=\u00bb1\/2&#8243;][vc_column_text]<\/p>\n<h2><a href=\"http:\/\/www.prisma.org.pe\/\">PRISMA ONG<\/a><\/h2>\n<p>Prisma es una ONG de desarrollo que realiza, gestiona, eval\u00faa y promueve trabajos de investigaci\u00f3n para lograr el desarrollo sostenible en igualdad de oportunidades para todos. Identifica y contribuye a la soluci\u00f3n de problemas y necesidades de las comunidades a trav\u00e9s de proyectos biom\u00e9dicos y sociales. Nuestras intervenciones generan impactos positivos en la vida de familias y han generado, a la vez, conocimiento para el mundo.<\/p>\n<p>Este sitio web de investigaci\u00f3n tiene por objetivo compartir los resultados y lecciones aprendidas de nuestras investigaciones y estudios realizados, los cuales apuntan a contribuir al cambio de la realidad y a la mejora de vida de muchas familias.<\/p>\n<h3 class=\"primer-subtitulo\"><strong><a href=\"https:\/\/www.prisma.org.pe\/investigacion\/categoria_investigaciones\/proyectos-biomedicos\/\">Investigaci\u00f3n Biom\u00e9dica<\/a><\/strong><\/h3>\n<p>Presentamos soluciones a problemas m\u00e9dicos creando conocimientos, procedimientos y productos innovadores que mejoren la salud y calidad de vida de las personas.<\/p>\n<h3 class=\"segundo-subtitulo\"><a href=\"https:\/\/www.prisma.org.pe\/investigacion\/categoria_investigaciones\/proyectos-sociales\/\"><strong>Investigaci\u00f3n Social<\/strong><\/a><\/h3>\n<p>Estudiamos, analizamos y evaluamos los comportamientos de las personas y los procesos y resultados de proyectos y programas sociales para dise\u00f1ar estrategias que generen un impacto positivo y sostenible en la vida de las familias.[\/vc_column_text][\/vc_column][\/vc_row][vc_row full_width=\u00bbstretch_row\u00bb el_id=\u00bbhistoria-somos\u00bb css=\u00bb.vc_custom_1549984330504{margin-top: 0px !important;padding-top: 40px !important;background-color: #f5f7f8 !important;}\u00bb][vc_column width=\u00bb1\/2&#8243;][vc_custom_heading text=\u00bbHISTORIA\u00bb google_fonts=\u00bbfont_family:Titillium%20Web%3A200%2C200italic%2C300%2C300italic%2Cregular%2Citalic%2C600%2C600italic%2C700%2C700italic%2C900|font_style:600%20bold%20regular%3A600%3Anormal\u00bb][vc_column_text]<\/p>\n<h3>Delia Haustein<\/h3>\n<p><strong>Exdirectora ejecutiva (periodo 2001 &#8211; 2019) y miembro del Consejo Directivo de Prisma ONG.<\/strong><br \/>\nDesde el inicio de Prisma, la investigaci\u00f3n ha sido una fuente inagotable de hallazgos que nos han permitido dise\u00f1ar e implementar proyectos que mejoren la nutrici\u00f3n de ni\u00f1os y ni\u00f1as en todo el pa\u00eds, validando modelos que han contribuido a la creaci\u00f3n de pol\u00edticas p\u00fablicas que respondan a las necesidades de la poblaci\u00f3n y sean exitosas.[\/vc_column_text][\/vc_column][vc_column width=\u00bb1\/2&#8243;][vc_video link=\u00bbhttps:\/\/www.youtube.com\/watch?v=7Eele3VzoiY\u00bb align=\u00bbcenter\u00bb css=\u00bb.vc_custom_1557716695952{margin-top: 110px !important;}\u00bb][\/vc_column][\/vc_row]<\/p>\n<\/div>","protected":false},"excerpt":{"rendered":"<p>[vc_row el_id=\u00bbprimer-bloque-somos\u00bb css=\u00bb.vc_custom_1550508718542{margin-bottom: 0px !important;border-bottom-width: 0px !important;}\u00bb][vc_column width=\u00bb1\/2&#8243;][vc_single_image image=\u00bb1756&#8243; img_size=\u00bbfull\u00bb alignment=\u00bbcenter\u00bb css=\u00bb.vc_custom_1550508858816{margin-bottom: 0px !important;border-bottom-width: 0px !important;}\u00bb][\/vc_column][vc_column width=\u00bb1\/2&#8243;][vc_column_text] PRISMA ONG Prisma es una ONG de desarrollo que realiza, gestiona, eval\u00faa y promueve trabajos de investigaci\u00f3n para lograr el desarrollo sostenible en igualdad de oportunidades para todos. Identifica y contribuye a la soluci\u00f3n de problemas y necesidades <\/p>\n","protected":false},"author":1,"featured_media":0,"parent":0,"menu_order":1,"comment_status":"closed","ping_status":"closed","template":"page-blocks.php","meta":{"footnotes":""},"class_list":["post-334","page","type-page","status-publish"],"_links":{"self":[{"href":"https:\/\/www.prisma.org.pe\/investigacion\/wp-json\/wp\/v2\/pages\/334","targetHints":{"allow":["GET"]}}],"collection":[{"href":"https:\/\/www.prisma.org.pe\/investigacion\/wp-json\/wp\/v2\/pages"}],"about":[{"href":"https:\/\/www.prisma.org.pe\/investigacion\/wp-json\/wp\/v2\/types\/page"}],"author":[{"embeddable":true,"href":"https:\/\/www.prisma.org.pe\/investigacion\/wp-json\/wp\/v2\/users\/1"}],"replies":[{"embeddable":true,"href":"https:\/\/www.prisma.org.pe\/investigacion\/wp-json\/wp\/v2\/comments?post=334"}],"version-history":[{"count":7,"href":"https:\/\/www.prisma.org.pe\/investigacion\/wp-json\/wp\/v2\/pages\/334\/revisions"}],"predecessor-version":[{"id":2925,"href":"https:\/\/www.prisma.org.pe\/investigacion\/wp-json\/wp\/v2\/pages\/334\/revisions\/2925"}],"wp:attachment":[{"href":"https:\/\/www.prisma.org.pe\/investigacion\/wp-json\/wp\/v2\/media?parent=334"}],"curies":[{"name":"wp","href":"https:\/\/api.w.org\/{rel}","templated":true}]}}