{"id":3543,"date":"2019-12-31T17:03:25","date_gmt":"2019-12-31T22:03:25","guid":{"rendered":"http:\/\/www.prisma.org.pe\/investigacion\/?page_id=3543"},"modified":"2019-12-31T17:03:26","modified_gmt":"2019-12-31T22:03:26","slug":"blog","status":"publish","type":"page","link":"https:\/\/www.prisma.org.pe\/investigacion\/en\/blog\/","title":{"rendered":"Blog"},"content":{"rendered":"<div class=\"wpb-content-wrapper\"><p>[vc_row css=&#8221;.vc_custom_1543444960365{margin-top: 60px !important;}&#8221;][vc_column width=&#8221;2\/3&#8243; el_id=&#8221;listado-noticias&#8221; el_class=&#8221;listado&#8221;]\n\t<section class=\"cf block loop-list\" data-id=\"p-1\">\n\t\n\t\t\t\t\n\t\t<div class=\"block-content\">\n\t\t\n\t<div class=\"posts-dynamic posts-container ts-row list count-0 is-mixed\">\n\t\t\t\n\t\t\t\t\t\n\t\t\t\t\t\t\n\t\t\t\t\t\t\t\n\t\t\t\t\t\t\t\t\n\t\t\t\t<div class=\"posts-wrap\">\t\t\t\t\n\t\t\t\t\t\t\n\t\t\t\t\t\t\n\t\t\t\t\t\t\t\t\n\t\t\t\t\t<div class=\"col-12\">\n\t\t\t\t\t\t\n<article id=\"post-3833\" class=\"list-post list-post-b\">\n\t\n\t<div class=\"post-thumb\">\n\t\t<a href=\"https:\/\/www.prisma.org.pe\/investigacion\/en\/juguete-o-cuidador-cual-mejora-mas-las-oportunidades-de-desarrollo-de-los-ninos\/\" class=\"image-link\">\n\t\t\t<img loading=\"lazy\" decoding=\"async\" width=\"370\" height=\"305\" src=\"data:image\/svg+xml;base64,PHN2ZyB2aWV3Qm94PScwIDAgMzcwIDMwNScgeG1sbnM9J2h0dHA6Ly93d3cudzMub3JnLzIwMDAvc3ZnJz48L3N2Zz4=\" class=\"attachment-cheerup-list-b size-cheerup-list-b lazyload wp-post-image\" alt=\"\" title=\"Juguete o cuidador, \u00bfcu\u00e1l mejora m\u00e1s las oportunidades de desarrollo de los ni\u00f1os?\" data-src=\"https:\/\/www.prisma.org.pe\/investigacion\/wp-content\/uploads\/2020\/01\/DSC_4343-1-370x305.jpg\" \/>\t\t\t\t\n\t\t\t\n\n\t<span class=\"format-icon format-video\">\n\t\t<i class=\"icon tsi tsi-play\"><\/i>\n\t<\/span>\n\n\t\t<\/a>\n\t\t\n\t\t\n\t<\/div>\n\n\t<div class=\"content\">\n\t\t\n\t\t<div class=\"post-meta post-meta-a post-meta-center\"><div class=\"meta-above\"><a href=\"https:\/\/www.prisma.org.pe\/investigacion\/en\/juguete-o-cuidador-cual-mejora-mas-las-oportunidades-de-desarrollo-de-los-ninos\/\" class=\"meta-item date-link\">\n\t\t\t\t\t\t<time class=\"post-date\" datetime=\"2020-01-27T10:25:16-05:00\">27 January, 2020<\/time>\n\t\t\t\t\t<\/a> <span class=\"meta-sep\"><\/span> <span class=\"post-cat\">\n\t\t\t\t\t\t<span class=\"text-in\">In<\/span>\n\t\t\t\t\t\t<a href=\"https:\/\/www.prisma.org.pe\/investigacion\/en\/category\/news-en\/\" class=\"category\" rel=\"category\">News<\/a>\n\t\t\t\t\t<\/span>\n\t\t\t\t\t<\/div><h2 class=\"is-title post-title\"><a href=\"https:\/\/www.prisma.org.pe\/investigacion\/en\/juguete-o-cuidador-cual-mejora-mas-las-oportunidades-de-desarrollo-de-los-ninos\/\">Juguete o cuidador, \u00bfcu\u00e1l mejora m\u00e1s las oportunidades de desarrollo de los ni\u00f1os?<\/a><\/h2><\/div>\t\t\n\t\t\t\t<div class=\"post-content post-excerpt cf\">\n\t\t\t\t\t\n\t\t\t<p>El proyecto \u201cPaso a paso\u201d es una investigaci\u00f3n inicial enfocada en encontrar evidencias sobre el impacto de la estimulaci\u00f3n del desarrollo infantil temprano mediante&hellip;<\/p>\n\t\t\t\t\n\t\t<\/div>\n\t\t\t\t\t\n\t\t\t\t<div class=\"post-footer\">\n\t\t\t\n\t\t\t<a href=\"https:\/\/www.prisma.org.pe\/investigacion\/en\/juguete-o-cuidador-cual-mejora-mas-las-oportunidades-de-desarrollo-de-los-ninos\/\" class=\"read-more-btn\">Leer m\u00e1s<\/a>\n\t\t\t\t\t\n\t\t<\/div>\n\t\t\t\t\n\t<\/div> <!-- .content -->\n\n\t\n\t\t\n<\/article>\t\t\t\t\t<\/div>\n\t\t\t\t\t\n\t\t\t\t\t\t\t\t\t\n\t\t\t\t\t\t\n\t\t\t\t\t\n\t\t\t\t\t\t\n\t\t\t\t\t\t\n\t\t\t\t\t\t\t\t\n\t\t\t\t\t<div class=\"col-12\">\n\t\t\t\t\t\t\n<article id=\"post-3802\" class=\"list-post list-post-b\">\n\t\n\t<div class=\"post-thumb\">\n\t\t<a href=\"https:\/\/www.prisma.org.pe\/investigacion\/en\/prisma-recognizes-the-scientific-career-of-robert-gilman-in-peru\/\" class=\"image-link\">\n\t\t\t<img loading=\"lazy\" decoding=\"async\" width=\"370\" height=\"305\" src=\"data:image\/svg+xml;base64,PHN2ZyB2aWV3Qm94PScwIDAgMzcwIDMwNScgeG1sbnM9J2h0dHA6Ly93d3cudzMub3JnLzIwMDAvc3ZnJz48L3N2Zz4=\" class=\"attachment-cheerup-list-b size-cheerup-list-b lazyload wp-post-image\" alt=\"\" title=\"Prisma recognizes the scientific career of Robert Gilman in Peru\" data-src=\"https:\/\/www.prisma.org.pe\/investigacion\/wp-content\/uploads\/2020\/01\/PORTADA_BOB-GILMAN-1-370x305.jpg\" \/>\t\t\t\t\n\t\t\t\n\t\t<\/a>\n\t\t\n\t\t\n\t<\/div>\n\n\t<div class=\"content\">\n\t\t\n\t\t<div class=\"post-meta post-meta-a post-meta-center\"><div class=\"meta-above\"><a href=\"https:\/\/www.prisma.org.pe\/investigacion\/en\/prisma-recognizes-the-scientific-career-of-robert-gilman-in-peru\/\" class=\"meta-item date-link\">\n\t\t\t\t\t\t<time class=\"post-date\" datetime=\"2020-01-16T16:49:56-05:00\">16 January, 2020<\/time>\n\t\t\t\t\t<\/a> <span class=\"meta-sep\"><\/span> <span class=\"post-cat\">\n\t\t\t\t\t\t<span class=\"text-in\">In<\/span>\n\t\t\t\t\t\t<a href=\"https:\/\/www.prisma.org.pe\/investigacion\/en\/category\/news\/\" class=\"category\" rel=\"category\">News<\/a>\n\t\t\t\t\t<\/span>\n\t\t\t\t\t<\/div><h2 class=\"is-title post-title\"><a href=\"https:\/\/www.prisma.org.pe\/investigacion\/en\/prisma-recognizes-the-scientific-career-of-robert-gilman-in-peru\/\">Prisma recognizes the scientific career of Robert Gilman in Peru<\/a><\/h2><\/div>\t\t\n\t\t\t\t<div class=\"post-content post-excerpt cf\">\n\t\t\t\t\t\n\t\t\t<p>A researcher, teacher and mentor who has dedicated over 30 years to research, publishing more than 700 research papers and training over 500 student&hellip;<\/p>\n\t\t\t\t\n\t\t<\/div>\n\t\t\t\t\t\n\t\t\t\t<div class=\"post-footer\">\n\t\t\t\n\t\t\t<a href=\"https:\/\/www.prisma.org.pe\/investigacion\/en\/prisma-recognizes-the-scientific-career-of-robert-gilman-in-peru\/\" class=\"read-more-btn\">Leer m\u00e1s<\/a>\n\t\t\t\t\t\n\t\t<\/div>\n\t\t\t\t\n\t<\/div> <!-- .content -->\n\n\t\n\t\t\n<\/article>\t\t\t\t\t<\/div>\n\t\t\t\t\t\n\t\t\t\t\t\t\t\t\t\n\t\t\t\t\t\t\n\t\t\t\t\t\n\t\t\t\t\t\t\n\t\t\t\t\t\t\n\t\t\t\t\t\t\t\t\n\t\t\t\t\t<div class=\"col-12\">\n\t\t\t\t\t\t\n<article id=\"post-3842\" class=\"list-post list-post-b\">\n\t\n\t<div class=\"post-thumb\">\n\t\t<a href=\"https:\/\/www.prisma.org.pe\/investigacion\/en\/good-practices-for-ethical-research\/\" class=\"image-link\">\n\t\t\t<img loading=\"lazy\" decoding=\"async\" width=\"370\" height=\"305\" src=\"data:image\/svg+xml;base64,PHN2ZyB2aWV3Qm94PScwIDAgMzcwIDMwNScgeG1sbnM9J2h0dHA6Ly93d3cudzMub3JnLzIwMDAvc3ZnJz48L3N2Zz4=\" class=\"attachment-cheerup-list-b size-cheerup-list-b lazyload wp-post-image\" alt=\"\" title=\"Good practices for ethical research\" data-src=\"https:\/\/www.prisma.org.pe\/investigacion\/wp-content\/uploads\/2019\/05\/Foto_portada-370x305.jpg\" \/>\t\t\t\t\n\t\t\t\n\t\t<\/a>\n\t\t\n\t\t\n\t<\/div>\n\n\t<div class=\"content\">\n\t\t\n\t\t<div class=\"post-meta post-meta-a post-meta-center\"><div class=\"meta-above\"><a href=\"https:\/\/www.prisma.org.pe\/investigacion\/en\/good-practices-for-ethical-research\/\" class=\"meta-item date-link\">\n\t\t\t\t\t\t<time class=\"post-date\" datetime=\"2019-12-21T10:53:07-05:00\">21 December, 2019<\/time>\n\t\t\t\t\t<\/a> <span class=\"meta-sep\"><\/span> <span class=\"post-cat\">\n\t\t\t\t\t\t<span class=\"text-in\">In<\/span>\n\t\t\t\t\t\t<a href=\"https:\/\/www.prisma.org.pe\/investigacion\/en\/category\/news-en\/\" class=\"category\" rel=\"category\">News<\/a>\n\t\t\t\t\t<\/span>\n\t\t\t\t\t<\/div><h2 class=\"is-title post-title\"><a href=\"https:\/\/www.prisma.org.pe\/investigacion\/en\/good-practices-for-ethical-research\/\">Good practices for ethical research<\/a><\/h2><\/div>\t\t\n\t\t\t\t<div class=\"post-content post-excerpt cf\">\n\t\t\t\t\t\n\t\t\t<p>Ensure the rights of clinical research participants, the quality of the studies and the validity and replicability of results. On May 19th and 20th,&hellip;<\/p>\n\t\t\t\t\n\t\t<\/div>\n\t\t\t\t\t\n\t\t\t\t<div class=\"post-footer\">\n\t\t\t\n\t\t\t<a href=\"https:\/\/www.prisma.org.pe\/investigacion\/en\/good-practices-for-ethical-research\/\" class=\"read-more-btn\">Leer m\u00e1s<\/a>\n\t\t\t\t\t\n\t\t<\/div>\n\t\t\t\t\n\t<\/div> <!-- .content -->\n\n\t\n\t\t\n<\/article>\t\t\t\t\t<\/div>\n\t\t\t\t\t\n\t\t\t\t\t\t\t\t\t\n\t\t\t\t\t\t\n\t\t\t\t\t\n\t\t\t\t\t\t\n\t\t\t\t\t\t\n\t\t\t\t\t\t\t\t\n\t\t\t\t\t<div class=\"col-12\">\n\t\t\t\t\t\t\n<article id=\"post-3812\" class=\"list-post list-post-b\">\n\t\n\t<div class=\"post-thumb\">\n\t\t<a href=\"https:\/\/www.prisma.org.pe\/investigacion\/en\/se-promueve-formacion-local-de-investigadores-en-salud-publica-de-talla-internacional\/\" class=\"image-link\">\n\t\t\t<img loading=\"lazy\" decoding=\"async\" width=\"370\" height=\"305\" src=\"data:image\/svg+xml;base64,PHN2ZyB2aWV3Qm94PScwIDAgMzcwIDMwNScgeG1sbnM9J2h0dHA6Ly93d3cudzMub3JnLzIwMDAvc3ZnJz48L3N2Zz4=\" class=\"attachment-cheerup-list-b size-cheerup-list-b lazyload wp-post-image\" alt=\"\" title=\"Promoting the formation of world class local investigators in public health\" data-src=\"https:\/\/www.prisma.org.pe\/investigacion\/wp-content\/uploads\/2019\/05\/PARANOTA_01-370x305.jpg\" \/>\t\t\t\t\n\t\t\t\n\t\t<\/a>\n\t\t\n\t\t\n\t<\/div>\n\n\t<div class=\"content\">\n\t\t\n\t\t<div class=\"post-meta post-meta-a post-meta-center\"><div class=\"meta-above\"><a href=\"https:\/\/www.prisma.org.pe\/investigacion\/en\/se-promueve-formacion-local-de-investigadores-en-salud-publica-de-talla-internacional\/\" class=\"meta-item date-link\">\n\t\t\t\t\t\t<time class=\"post-date\" datetime=\"2019-12-17T09:58:24-05:00\">17 December, 2019<\/time>\n\t\t\t\t\t<\/a> <span class=\"meta-sep\"><\/span> <span class=\"post-cat\">\n\t\t\t\t\t\t<span class=\"text-in\">In<\/span>\n\t\t\t\t\t\t<a href=\"https:\/\/www.prisma.org.pe\/investigacion\/en\/category\/news-en\/\" class=\"category\" rel=\"category\">News<\/a>\n\t\t\t\t\t<\/span>\n\t\t\t\t\t<\/div><h2 class=\"is-title post-title\"><a href=\"https:\/\/www.prisma.org.pe\/investigacion\/en\/se-promueve-formacion-local-de-investigadores-en-salud-publica-de-talla-internacional\/\">Promoting the formation of world class local investigators in public health<\/a><\/h2><\/div>\t\t\n\t\t\t\t<div class=\"post-content post-excerpt cf\">\n\t\t\t\t\t\n\t\t\t<p>PRISMA offered a training program, funded by FOGARTY (NIH- NAtional Institute of HEalth USA) to mentor researchers in public health and infectious disease at&hellip;<\/p>\n\t\t\t\t\n\t\t<\/div>\n\t\t\t\t\t\n\t\t\t\t<div class=\"post-footer\">\n\t\t\t\n\t\t\t<a href=\"https:\/\/www.prisma.org.pe\/investigacion\/en\/se-promueve-formacion-local-de-investigadores-en-salud-publica-de-talla-internacional\/\" class=\"read-more-btn\">Leer m\u00e1s<\/a>\n\t\t\t\t\t\n\t\t<\/div>\n\t\t\t\t\n\t<\/div> <!-- .content -->\n\n\t\n\t\t\n<\/article>\t\t\t\t\t<\/div>\n\t\t\t\t\t\n\t\t\t\t\t\t\t\t\t\n\t\t\t\t\t\t\n\t\t\t\t\n\t\t<\/div>\n\t<\/div>\n\t\n\t\n\t\t\t<\/div>\n\t\n\t<\/section>\n\n[\/vc_column][vc_column width=&#8221;1\/3&#8243; el_id=&#8221;sidebar-contacto&#8221;][vc_widget_sidebar is_sidebar=&#8221;1&#8243; is_sticky=&#8221;&#8221; sidebar_id=&#8221;cheerup-primary&#8221;][\/vc_column][\/vc_row]<\/p>\n<\/div>","protected":false},"excerpt":{"rendered":"<p>[vc_row css=&#8221;.vc_custom_1543444960365{margin-top: 60px !important;}&#8221;][vc_column width=&#8221;2\/3&#8243; el_id=&#8221;listado-noticias&#8221; el_class=&#8221;listado&#8221;][\/vc_column][vc_column width=&#8221;1\/3&#8243; el_id=&#8221;sidebar-contacto&#8221;][vc_widget_sidebar is_sidebar=&#8221;1&#8243; is_sticky=&#8221;&#8221; sidebar_id=&#8221;cheerup-primary&#8221;][\/vc_column][\/vc_row]<\/p>\n","protected":false},"author":3,"featured_media":0,"parent":0,"menu_order":4,"comment_status":"closed","ping_status":"closed","template":"page-blocks.php","meta":{"footnotes":""},"class_list":["post-3543","page","type-page","status-publish"],"_links":{"self":[{"href":"https:\/\/www.prisma.org.pe\/investigacion\/en\/wp-json\/wp\/v2\/pages\/3543","targetHints":{"allow":["GET"]}}],"collection":[{"href":"https:\/\/www.prisma.org.pe\/investigacion\/en\/wp-json\/wp\/v2\/pages"}],"about":[{"href":"https:\/\/www.prisma.org.pe\/investigacion\/en\/wp-json\/wp\/v2\/types\/page"}],"author":[{"embeddable":true,"href":"https:\/\/www.prisma.org.pe\/investigacion\/en\/wp-json\/wp\/v2\/users\/3"}],"replies":[{"embeddable":true,"href":"https:\/\/www.prisma.org.pe\/investigacion\/en\/wp-json\/wp\/v2\/comments?post=3543"}],"version-history":[{"count":1,"href":"https:\/\/www.prisma.org.pe\/investigacion\/en\/wp-json\/wp\/v2\/pages\/3543\/revisions"}],"predecessor-version":[{"id":3544,"href":"https:\/\/www.prisma.org.pe\/investigacion\/en\/wp-json\/wp\/v2\/pages\/3543\/revisions\/3544"}],"wp:attachment":[{"href":"https:\/\/www.prisma.org.pe\/investigacion\/en\/wp-json\/wp\/v2\/media?parent=3543"}],"curies":[{"name":"wp","href":"https:\/\/api.w.org\/{rel}","templated":true}]}}